{"id":2699,"date":"2023-05-23T09:19:35","date_gmt":"2023-05-23T09:19:35","guid":{"rendered":"https:\/\/raisafilm.com\/producto\/plastique-noir-lisse\/"},"modified":"2024-03-12T17:49:08","modified_gmt":"2024-03-12T17:49:08","slug":"plastique-noir-lisse","status":"publish","type":"product","link":"https:\/\/raisafilm.com\/fr\/producto\/plastique-noir-lisse\/","title":{"rendered":"Plastique noir lisse"},"content":{"rendered":"\n<style type=\"text\/css\" data-created_by=\"avia_inline_auto\" id=\"style-css-av-vcbg66-46a4d78d9834c0a967042fa0f9062321\">\n.avia-section.av-vcbg66-46a4d78d9834c0a967042fa0f9062321{\nbackground-color:#002754;\nbackground:linear-gradient( to bottom, #002754, #03469e );\n}\n<\/style>\n<div id='av_section_1'  class='avia-section av-vcbg66-46a4d78d9834c0a967042fa0f9062321 footer_color avia-section-default avia-no-border-styling  avia-builder-el-0  el_before_av_section  avia-builder-el-first  avia-bg-style-scroll container_wrap fullsize'  ><div class='container av-section-cont-open' ><main  role=\"main\" itemprop=\"mainContentOfPage\"  class='template-page content  av-content-full alpha units'><div class='post-entry post-entry-type-page post-entry-2699'><div class='entry-content-wrapper clearfix'>\n<div class='flex_column_table av-2y3oi6-d58c2a809f610e1350d81c651666272f sc-av_two_third av-equal-height-column-flextable'>\n<style type=\"text\/css\" data-created_by=\"avia_inline_auto\" id=\"style-css-av-2y3oi6-d58c2a809f610e1350d81c651666272f\">\n.flex_column.av-2y3oi6-d58c2a809f610e1350d81c651666272f{\nwidth:66.333333333333%;\nmargin-left:0;\nborder-width:1px;\nborder-color:#ffffff;\nborder-style:dashed;\nborder-radius:0px 0px 0px 0px;\npadding:30px 30px 30px 30px;\n}\n#top .flex_column_table.av-equal-height-column-flextable.av-2y3oi6-d58c2a809f610e1350d81c651666272f .av-flex-placeholder{\nwidth:1%;\n}\n<\/style>\n<div  class='flex_column av-2y3oi6-d58c2a809f610e1350d81c651666272f av_two_third  avia-builder-el-1  el_before_av_one_third  avia-builder-el-first  first flex_column_table_cell av-equal-height-column av-align-middle  '     ><p><section  class='av_textblock_section av-lkqtte7a-ce9f8f09e7636039a45406748b5b4d09 '   itemscope=\"itemscope\" itemtype=\"https:\/\/schema.org\/CreativeWork\" ><div class='avia_textblock'  itemprop=\"text\" ><p>FABRICATION<\/p>\n<\/div><\/section><br \/>\n\n<style type=\"text\/css\" data-created_by=\"avia_inline_auto\" id=\"style-css-av-qr4qdq-7a0e8588ec95a6efabc1ce55d6414e9e\">\n#top .hr.hr-invisible.av-qr4qdq-7a0e8588ec95a6efabc1ce55d6414e9e{\nmargin-top:-20px;\nheight:1px;\n}\n<\/style>\n<div  class='hr av-qr4qdq-7a0e8588ec95a6efabc1ce55d6414e9e hr-invisible  avia-builder-el-3  el_after_av_textblock  el_before_av_heading '><span class='hr-inner '><span class=\"hr-inner-style\"><\/span><\/span><\/div><br \/>\n\n<style type=\"text\/css\" data-created_by=\"avia_inline_auto\" id=\"style-css-av-li02gpai-9e4d830f1c2ef3eeeed3ae81c9cb7704\">\n#top .av-special-heading.av-li02gpai-9e4d830f1c2ef3eeeed3ae81c9cb7704{\npadding-bottom:10px;\nfont-size:40px;\n}\nbody .av-special-heading.av-li02gpai-9e4d830f1c2ef3eeeed3ae81c9cb7704 .av-special-heading-tag .heading-char{\nfont-size:25px;\n}\n#top #wrap_all .av-special-heading.av-li02gpai-9e4d830f1c2ef3eeeed3ae81c9cb7704 .av-special-heading-tag{\nfont-size:40px;\n}\n.av-special-heading.av-li02gpai-9e4d830f1c2ef3eeeed3ae81c9cb7704 .av-subheading{\nfont-size:17px;\n}\n\n@media only screen and (min-width: 768px) and (max-width: 989px){ \n#top #wrap_all .av-special-heading.av-li02gpai-9e4d830f1c2ef3eeeed3ae81c9cb7704 .av-special-heading-tag{\nfont-size:35px;\n}\n}\n\n@media only screen and (min-width: 480px) and (max-width: 767px){ \n#top #wrap_all .av-special-heading.av-li02gpai-9e4d830f1c2ef3eeeed3ae81c9cb7704 .av-special-heading-tag{\nfont-size:35px;\n}\n}\n\n@media only screen and (max-width: 479px){ \n#top #wrap_all .av-special-heading.av-li02gpai-9e4d830f1c2ef3eeeed3ae81c9cb7704 .av-special-heading-tag{\nfont-size:35px;\n}\n}\n<\/style>\n<div  class='av-special-heading av-li02gpai-9e4d830f1c2ef3eeeed3ae81c9cb7704 av-special-heading-h1 blockquote modern-quote  avia-builder-el-4  el_after_av_hr  el_before_av_hr  av-inherit-size'><h1 class='av-special-heading-tag'  itemprop=\"headline\"  ><b>Plastique<\/b> noir lisse<\/h1><div class='av-subheading av-subheading_below'><p>Pour prot\u00e9ger tous types de machines, sols, meubles, murs, couvrir le bois de chauffage&#8230;<\/p>\n<\/div><div class=\"special-heading-border\"><div class=\"special-heading-inner-border\"><\/div><\/div><\/div><br \/>\n\n<style type=\"text\/css\" data-created_by=\"avia_inline_auto\" id=\"style-css-av-97dsu-fe8dc7ee32d3207433b979d99a8d20c5\">\n#top .hr.av-97dsu-fe8dc7ee32d3207433b979d99a8d20c5{\nmargin-top:10px;\nmargin-bottom:10px;\n}\n.hr.av-97dsu-fe8dc7ee32d3207433b979d99a8d20c5 .hr-inner{\nwidth:50px;\nborder-color:#ffffff;\n}\n<\/style>\n<div  class='hr av-97dsu-fe8dc7ee32d3207433b979d99a8d20c5 hr-custom  avia-builder-el-5  el_after_av_heading  el_before_av_button  hr-left hr-icon-no'><span class='hr-inner inner-border-av-border-thin'><span class=\"hr-inner-style\"><\/span><\/span><\/div><br \/>\n<div  class='avia-button-wrap av-on73vy-416ee0680ee04d876f3c2731ee38b882-wrap avia-button-left  avia-builder-el-6  el_after_av_hr  avia-builder-el-last '><a href='https:\/\/raisafilm.com\/fr\/contact\/'  class='avia-button av-on73vy-416ee0680ee04d876f3c2731ee38b882 avia-icon_select-yes-right-icon avia-size-large avia-position-left av-icon-on-hover avia-color-theme-color'  ><span class='avia_iconbox_title' >DEMANDEZ PLUS D&#039;INFORMATIONS<\/span><span class='avia_button_icon avia_button_icon_right' aria-hidden='true' data-av_icon='\ue87d' data-av_iconfont='entypo-fontello'><\/span><\/a><\/div><\/p><\/div><div class='av-flex-placeholder'><\/div>\n<style type=\"text\/css\" data-created_by=\"avia_inline_auto\" id=\"style-css-av-mk0pby-a5ab1cfd8295287988e89fb34c02fad7\">\n.flex_column.av-mk0pby-a5ab1cfd8295287988e89fb34c02fad7{\nwidth:32.666666666667%;\nmargin-left:0;\nborder-radius:0px 0px 0px 0px;\npadding:0 0 0 0;\n}\n#top .flex_column_table.av-equal-height-column-flextable.av-mk0pby-a5ab1cfd8295287988e89fb34c02fad7 .av-flex-placeholder{\nwidth:1%;\n}\n<\/style>\n<div  class='flex_column av-mk0pby-a5ab1cfd8295287988e89fb34c02fad7 av_one_third  avia-builder-el-7  el_after_av_two_third  avia-builder-el-last  flex_column_table_cell av-equal-height-column av-align-middle av-zero-column-padding avia-full-stretch  '     ><style type=\"text\/css\" data-created_by=\"avia_inline_auto\" id=\"style-css-av-li02fs2y-88b5e0c1a4ef5db52d234f29e88c0761\">\n.avia-image-container.av-li02fs2y-88b5e0c1a4ef5db52d234f29e88c0761 img.avia_image{\nbox-shadow:none;\n}\n.avia-image-container.av-li02fs2y-88b5e0c1a4ef5db52d234f29e88c0761 .av-image-caption-overlay-center{\ncolor:#ffffff;\n}\n<\/style>\n<div  class='avia-image-container av-li02fs2y-88b5e0c1a4ef5db52d234f29e88c0761 av-styling- avia-align-center  avia-builder-el-8  avia-builder-el-no-sibling '   itemprop=\"image\" itemscope=\"itemscope\" itemtype=\"https:\/\/schema.org\/ImageObject\" ><div class=\"avia-image-container-inner\"><div class=\"avia-image-overlay-wrap\"><img decoding=\"async\" fetchpriority=\"high\" class='wp-image-2264 avia-img-lazy-loading-not-2264 avia_image ' src=\"https:\/\/raisafilm.com\/wp-content\/uploads\/2023\/05\/RAISA-Plastico-negro-liso.jpg\" alt='' title='RAISA Plastique noir lisse'  height=\"1022\" width=\"1194\"  itemprop=\"thumbnailUrl\" srcset=\"https:\/\/raisafilm.com\/wp-content\/uploads\/2023\/05\/RAISA-Plastico-negro-liso.jpg 1194w, https:\/\/raisafilm.com\/wp-content\/uploads\/2023\/05\/RAISA-Plastico-negro-liso-300x257.jpg 300w, https:\/\/raisafilm.com\/wp-content\/uploads\/2023\/05\/RAISA-Plastico-negro-liso-1030x882.jpg 1030w, https:\/\/raisafilm.com\/wp-content\/uploads\/2023\/05\/RAISA-Plastico-negro-liso-768x657.jpg 768w, https:\/\/raisafilm.com\/wp-content\/uploads\/2023\/05\/RAISA-Plastico-negro-liso-705x603.jpg 705w, https:\/\/raisafilm.com\/wp-content\/uploads\/2023\/05\/RAISA-Plastico-negro-liso-450x385.jpg 450w, https:\/\/raisafilm.com\/wp-content\/uploads\/2023\/05\/RAISA-Plastico-negro-liso-600x514.jpg 600w\" sizes=\"(max-width: 1194px) 100vw, 1194px\" \/><\/div><\/div><\/div><\/div><\/div><!--close column table wrapper. Autoclose: 1 --><\/div><\/div><\/main><!-- close content main element --><\/div><\/div><div id='av_section_2'  class='avia-section av-k2nbpq-0b594def0d869ccebed2986d34afc804 main_color avia-section-default avia-no-border-styling  avia-builder-el-9  el_after_av_section  avia-builder-el-last  avia-bg-style-scroll container_wrap fullsize'  ><div class='container av-section-cont-open' ><div class='template-page content  av-content-full alpha units'><div class='post-entry post-entry-type-page post-entry-2699'><div class='entry-content-wrapper clearfix'>\n\n<style type=\"text\/css\" data-created_by=\"avia_inline_auto\" id=\"style-css-av-ixrpbi-379d70a30906440779017d3cb945364c\">\n.flex_column.av-ixrpbi-379d70a30906440779017d3cb945364c{\nborder-radius:0px 0px 0px 0px;\npadding:20px 20px 20px 20px;\n}\n<\/style>\n<div  class='flex_column av-ixrpbi-379d70a30906440779017d3cb945364c av_one_half  avia-builder-el-10  el_before_av_one_half  avia-builder-el-first  first flex_column_div  '     ><p>\n<style type=\"text\/css\" data-created_by=\"avia_inline_auto\" id=\"style-css-av-i0xnb2-8e9542682f367d5ef92c443ba15aff80\">\n#top .av-special-heading.av-i0xnb2-8e9542682f367d5ef92c443ba15aff80{\npadding-bottom:10px;\n}\nbody .av-special-heading.av-i0xnb2-8e9542682f367d5ef92c443ba15aff80 .av-special-heading-tag .heading-char{\nfont-size:25px;\n}\n.av-special-heading.av-i0xnb2-8e9542682f367d5ef92c443ba15aff80 .av-subheading{\nfont-size:15px;\n}\n<\/style>\n<div  class='av-special-heading av-i0xnb2-8e9542682f367d5ef92c443ba15aff80 av-special-heading-h1 blockquote modern-quote  avia-builder-el-11  el_before_av_hr  avia-builder-el-first '><h1 class='av-special-heading-tag'  itemprop=\"headline\"  > <b>CARACT\u00c9RISTIQUES<\/b><\/h1><div class=\"special-heading-border\"><div class=\"special-heading-inner-border\"><\/div><\/div><\/div><br \/>\n\n<style type=\"text\/css\" data-created_by=\"avia_inline_auto\" id=\"style-css-av-fc3pha-10e53443ef6d02bf968ad11a2fbf83d0\">\n#top .hr.av-fc3pha-10e53443ef6d02bf968ad11a2fbf83d0{\nmargin-top:30px;\nmargin-bottom:30px;\n}\n.hr.av-fc3pha-10e53443ef6d02bf968ad11a2fbf83d0 .hr-inner{\nwidth:50px;\nborder-color:#2e2c5b;\n}\n<\/style>\n<div  class='hr av-fc3pha-10e53443ef6d02bf968ad11a2fbf83d0 hr-custom  avia-builder-el-12  el_after_av_heading  el_before_av_textblock  hr-left hr-icon-no'><span class='hr-inner inner-border-av-border-thin'><span class=\"hr-inner-style\"><\/span><\/span><\/div><br \/>\n<section  class='av_textblock_section av-1d2s6m-5d5c73b97fb5a9c6760d37475d3dcac0 '   itemscope=\"itemscope\" itemtype=\"https:\/\/schema.org\/CreativeWork\" ><div class='avia_textblock'  itemprop=\"text\" ><h4>Fabriqu\u00e9 en poly\u00e9thyl\u00e8ne basse densit\u00e9 d&rsquo;excellente qualit\u00e9 et r\u00e9sistance.<\/h4>\n<p>Avec des applications infinies, comme couvrir des machines, des sols, des meubles, des murs, couvrir du bois de chauffage&#8230;<\/p>\n<p>Ce mat\u00e9riau est tr\u00e8s l\u00e9ger et constitue une solution parfaite pour couvrir les affaires afin qu&rsquo;elles ne soient pas endommag\u00e9es et les prot\u00e9ger des intemp\u00e9ries ou d&rsquo;autres facteurs tels que la poussi\u00e8re, la salet\u00e9, l&rsquo;humidit\u00e9&#8230;<\/p>\n<p>Il est possible de le fabriquer avec des micro ou macro perforations, ce qui est une option id\u00e9ale pour recouvrir la marchandise et la rendre respirante.<\/p>\n<p>Nous disposons de diff\u00e9rentes largeurs et diff\u00e9rentes \u00e9paisseurs, ce qui garantit un large \u00e9ventail de possibilit\u00e9s, quels que soient vos besoins.<\/p>\n<ul>\n<li><strong>Mesures : 1 \u00e0 18 MTS<\/strong><\/li>\n<li><strong>\u00c9paisseurs<\/strong> : G\/100 \u00e0 G\/2000<\/li>\n<\/ul>\n<\/div><\/section><\/p><\/div>\n<style type=\"text\/css\" data-created_by=\"avia_inline_auto\" id=\"style-css-av-cq2aha-c14d963ee2b08b53017b30d913c93fe6\">\n.flex_column.av-cq2aha-c14d963ee2b08b53017b30d913c93fe6{\nborder-width:1px;\nborder-color:rgba(201,201,201,0.23);\nborder-style:solid;\nborder-radius:0px 0px 0px 0px;\npadding:20px 20px 20px 20px;\nbackground-color:rgba(75,103,142,0.17);\n}\n<\/style>\n<div  class='flex_column av-cq2aha-c14d963ee2b08b53017b30d913c93fe6 av_one_half  avia-builder-el-14  el_after_av_one_half  avia-builder-el-last  flex_column_div  '     ><p>\n<style type=\"text\/css\" data-created_by=\"avia_inline_auto\" id=\"style-css-av-142pim-2fbca771567b596d78d752bdf9e591b1\">\n#top .av-special-heading.av-142pim-2fbca771567b596d78d752bdf9e591b1{\npadding-bottom:10px;\n}\nbody .av-special-heading.av-142pim-2fbca771567b596d78d752bdf9e591b1 .av-special-heading-tag .heading-char{\nfont-size:25px;\n}\n.av-special-heading.av-142pim-2fbca771567b596d78d752bdf9e591b1 .av-subheading{\nfont-size:15px;\n}\n<\/style>\n<div  class='av-special-heading av-142pim-2fbca771567b596d78d752bdf9e591b1 av-special-heading-h1 blockquote modern-quote  avia-builder-el-15  el_before_av_hr  avia-builder-el-first '><h1 class='av-special-heading-tag'  itemprop=\"headline\"  >Avantages et astuces<\/h1><div class=\"special-heading-border\"><div class=\"special-heading-inner-border\"><\/div><\/div><\/div><br \/>\n\n<style type=\"text\/css\" data-created_by=\"avia_inline_auto\" id=\"style-css-av-9whb8u-d7f03aebf1b2f18500dc84782ef396d2\">\n#top .hr.av-9whb8u-d7f03aebf1b2f18500dc84782ef396d2{\nmargin-top:30px;\nmargin-bottom:30px;\n}\n.hr.av-9whb8u-d7f03aebf1b2f18500dc84782ef396d2 .hr-inner{\nwidth:50px;\nborder-color:#2e2c5b;\n}\n<\/style>\n<div  class='hr av-9whb8u-d7f03aebf1b2f18500dc84782ef396d2 hr-custom  avia-builder-el-16  el_after_av_heading  el_before_av_textblock  hr-left hr-icon-no'><span class='hr-inner inner-border-av-border-thin'><span class=\"hr-inner-style\"><\/span><\/span><\/div><br \/>\n<section  class='av_textblock_section av-6v94lq-e52aa7458148eded373e62296ecb8226 '   itemscope=\"itemscope\" itemtype=\"https:\/\/schema.org\/CreativeWork\" ><div class='avia_textblock'  itemprop=\"text\" ><p>Il est fabriqu\u00e9 \u00e0 partir de mat\u00e9riaux vierges et recycl\u00e9s.<\/p>\n<p>Puisqu\u2019il peut \u00eatre fabriqu\u00e9 avec des mat\u00e9riaux de r\u00e9cup\u00e9ration, il s\u2019agit d\u2019une solution \u00e9conomique lorsqu\u2019il s\u2019agit de l\u2019utiliser dans l\u2019une de ses multiples fonctions.<\/p>\n<\/div><\/section><br \/>\n\n<style type=\"text\/css\" data-created_by=\"avia_inline_auto\" id=\"style-css-av-5a0ii6-2ee0addddc134969b55b1e6b2a36a053\">\n#top .hr.av-5a0ii6-2ee0addddc134969b55b1e6b2a36a053{\nmargin-top:10px;\nmargin-bottom:10px;\n}\n.hr.av-5a0ii6-2ee0addddc134969b55b1e6b2a36a053 .hr-inner{\nwidth:50px;\nborder-color:#2e2c5b;\n}\n<\/style>\n<div  class='hr av-5a0ii6-2ee0addddc134969b55b1e6b2a36a053 hr-custom  avia-builder-el-18  el_after_av_textblock  el_before_av_buttonrow  hr-left hr-icon-no'><span class='hr-inner inner-border-av-border-thin'><span class=\"hr-inner-style\"><\/span><\/span><\/div><br \/>\n<div  class='avia-buttonrow-wrap av-42yg1a-58a40ccb6966debc3a9a037466c6e1b1 avia-buttonrow-left  avia-builder-el-19  el_after_av_hr  avia-builder-el-last '>\n\n<style type=\"text\/css\" data-created_by=\"avia_inline_auto\" id=\"style-css-av-2wdya6-3168341537eace9fd088d367b1bc0d6a\">\n#top #wrap_all .avia-button.av-2wdya6-3168341537eace9fd088d367b1bc0d6a{\nmargin-bottom:5px;\nmargin-right:5px;\n}\n<\/style>\n<a href='https:\/\/raisafilm.com\/fr\/contact\/'  class='avia-button av-2wdya6-3168341537eace9fd088d367b1bc0d6a avia-icon_select-no avia-size-large avia-color-theme-color'  target=\"_blank\"  rel=\"noopener noreferrer\" ><span class='avia_iconbox_title' >PLUS D&#039;INFORMATIONS<\/span><\/a>\n<\/div><\/p><\/div>\n<\/p>\n","protected":false},"excerpt":{"rendered":"","protected":false},"featured_media":2264,"template":"","meta":{"_monsterinsights_skip_tracking":false,"_monsterinsights_sitenote_active":false,"_monsterinsights_sitenote_note":"","_monsterinsights_sitenote_category":0},"product_cat":[97,112],"product_tag":[],"class_list":{"0":"post-2699","1":"product","2":"type-product","3":"status-publish","4":"has-post-thumbnail","6":"product_cat-quincaillerie","7":"product_cat-sacs-poubelle-personnalises","9":"first","10":"instock","11":"shipping-taxable","12":"product-type-simple"},"_links":{"self":[{"href":"https:\/\/raisafilm.com\/fr\/wp-json\/wp\/v2\/product\/2699","targetHints":{"allow":["GET"]}}],"collection":[{"href":"https:\/\/raisafilm.com\/fr\/wp-json\/wp\/v2\/product"}],"about":[{"href":"https:\/\/raisafilm.com\/fr\/wp-json\/wp\/v2\/types\/product"}],"wp:featuredmedia":[{"embeddable":true,"href":"https:\/\/raisafilm.com\/fr\/wp-json\/wp\/v2\/media\/2264"}],"wp:attachment":[{"href":"https:\/\/raisafilm.com\/fr\/wp-json\/wp\/v2\/media?parent=2699"}],"wp:term":[{"taxonomy":"product_cat","embeddable":true,"href":"https:\/\/raisafilm.com\/fr\/wp-json\/wp\/v2\/product_cat?post=2699"},{"taxonomy":"product_tag","embeddable":true,"href":"https:\/\/raisafilm.com\/fr\/wp-json\/wp\/v2\/product_tag?post=2699"}],"curies":[{"name":"wp","href":"https:\/\/api.w.org\/{rel}","templated":true}]}}