{"id":2832,"date":"2023-05-17T11:14:47","date_gmt":"2023-05-17T11:14:47","guid":{"rendered":"https:\/\/raisafilm.com\/producto\/raisa-mulch-n-b-1c-noir-et-blanc\/"},"modified":"2024-03-15T10:05:06","modified_gmt":"2024-03-15T10:05:06","slug":"raisa-mulch-n-b-1c-noir-et-blanc","status":"publish","type":"product","link":"https:\/\/raisafilm.com\/fr\/producto\/raisa-mulch-n-b-1c-noir-et-blanc\/","title":{"rendered":"RAISA MULCH N\/B 1C (Noir et Blanc)"},"content":{"rendered":"\n<style type=\"text\/css\" data-created_by=\"avia_inline_auto\" id=\"style-css-av-608uhb-69abf1baef93fa9f2f9310c111a15864\">\n.avia-section.av-608uhb-69abf1baef93fa9f2f9310c111a15864{\nbackground-color:#002754;\nbackground:linear-gradient( to bottom, #002754, #03469e );\n}\n<\/style>\n<div id='av_section_1'  class='avia-section av-608uhb-69abf1baef93fa9f2f9310c111a15864 footer_color avia-section-default avia-no-border-styling  avia-builder-el-0  el_before_av_section  avia-builder-el-first  avia-bg-style-scroll container_wrap fullsize'  ><div class='container av-section-cont-open' ><main  role=\"main\" itemprop=\"mainContentOfPage\"  class='template-page content  av-content-full alpha units'><div class='post-entry post-entry-type-page post-entry-2832'><div class='entry-content-wrapper clearfix'>\n<div class='flex_column_table av-5y1o67-06a430e1feec253d0c336432c7c7e077 sc-av_two_third av-equal-height-column-flextable'>\n<style type=\"text\/css\" data-created_by=\"avia_inline_auto\" id=\"style-css-av-5y1o67-06a430e1feec253d0c336432c7c7e077\">\n.flex_column.av-5y1o67-06a430e1feec253d0c336432c7c7e077{\nwidth:66.333333333333%;\nmargin-left:0;\nborder-width:1px;\nborder-color:#ffffff;\nborder-style:dashed;\nborder-radius:0px 0px 0px 0px;\npadding:30px 30px 30px 30px;\n}\n#top .flex_column_table.av-equal-height-column-flextable.av-5y1o67-06a430e1feec253d0c336432c7c7e077 .av-flex-placeholder{\nwidth:1%;\n}\n<\/style>\n<div  class='flex_column av-5y1o67-06a430e1feec253d0c336432c7c7e077 av_two_third  avia-builder-el-1  el_before_av_one_third  avia-builder-el-first  first flex_column_table_cell av-equal-height-column av-align-middle  '     ><p><section  class='av_textblock_section av-lkqkdise-cb87d16fbfa3410b3ea2f3a8e31a8824 '   itemscope=\"itemscope\" itemtype=\"https:\/\/schema.org\/CreativeWork\" ><div class='avia_textblock'  itemprop=\"text\" ><p>FABRICATION<\/p>\n<\/div><\/section><br \/>\n\n<style type=\"text\/css\" data-created_by=\"avia_inline_auto\" id=\"style-css-av-5oze13-ae0bba78fae6e35e125c1c4aa151d952\">\n#top .hr.hr-invisible.av-5oze13-ae0bba78fae6e35e125c1c4aa151d952{\nmargin-top:-20px;\nheight:1px;\n}\n<\/style>\n<div  class='hr av-5oze13-ae0bba78fae6e35e125c1c4aa151d952 hr-invisible  avia-builder-el-3  el_after_av_textblock  el_before_av_heading '><span class='hr-inner '><span class=\"hr-inner-style\"><\/span><\/span><\/div><br \/>\n\n<style type=\"text\/css\" data-created_by=\"avia_inline_auto\" id=\"style-css-av-lhrlwj91-b72557f5b1e9a1ef1f28f2fb1aa986ec\">\n#top .av-special-heading.av-lhrlwj91-b72557f5b1e9a1ef1f28f2fb1aa986ec{\npadding-bottom:10px;\nfont-size:40px;\n}\nbody .av-special-heading.av-lhrlwj91-b72557f5b1e9a1ef1f28f2fb1aa986ec .av-special-heading-tag .heading-char{\nfont-size:25px;\n}\n#top #wrap_all .av-special-heading.av-lhrlwj91-b72557f5b1e9a1ef1f28f2fb1aa986ec .av-special-heading-tag{\nfont-size:40px;\n}\n.av-special-heading.av-lhrlwj91-b72557f5b1e9a1ef1f28f2fb1aa986ec .av-subheading{\nfont-size:17px;\n}\n\n@media only screen and (min-width: 768px) and (max-width: 989px){ \n#top #wrap_all .av-special-heading.av-lhrlwj91-b72557f5b1e9a1ef1f28f2fb1aa986ec .av-special-heading-tag{\nfont-size:35px;\n}\n}\n\n@media only screen and (min-width: 480px) and (max-width: 767px){ \n#top #wrap_all .av-special-heading.av-lhrlwj91-b72557f5b1e9a1ef1f28f2fb1aa986ec .av-special-heading-tag{\nfont-size:35px;\n}\n}\n\n@media only screen and (max-width: 479px){ \n#top #wrap_all .av-special-heading.av-lhrlwj91-b72557f5b1e9a1ef1f28f2fb1aa986ec .av-special-heading-tag{\nfont-size:35px;\n}\n}\n<\/style>\n<div  class='av-special-heading av-lhrlwj91-b72557f5b1e9a1ef1f28f2fb1aa986ec av-special-heading-h1 blockquote modern-quote  avia-builder-el-4  el_after_av_hr  el_before_av_hr  av-inherit-size'><h1 class='av-special-heading-tag'  itemprop=\"headline\"  ><b>RAISAGRO<\/b> PAILLIS N\/B 1C (Noir et Blanc)<\/h1><div class='av-subheading av-subheading_below'><p>Le plastique noir et blanc est un rembourrage sp\u00e9cialis\u00e9.<\/p>\n<\/div><div class=\"special-heading-border\"><div class=\"special-heading-inner-border\"><\/div><\/div><\/div><br \/>\n\n<style type=\"text\/css\" data-created_by=\"avia_inline_auto\" id=\"style-css-av-5jp94f-616d6460d530c51a2017c611dd020a32\">\n#top .hr.av-5jp94f-616d6460d530c51a2017c611dd020a32{\nmargin-top:10px;\nmargin-bottom:10px;\n}\n.hr.av-5jp94f-616d6460d530c51a2017c611dd020a32 .hr-inner{\nwidth:50px;\nborder-color:#ffffff;\n}\n<\/style>\n<div  class='hr av-5jp94f-616d6460d530c51a2017c611dd020a32 hr-custom  avia-builder-el-5  el_after_av_heading  el_before_av_button  hr-left hr-icon-no'><span class='hr-inner inner-border-av-border-thin'><span class=\"hr-inner-style\"><\/span><\/span><\/div><br \/>\n<div  class='avia-button-wrap av-j72pj-3fc6a59cfcc882f4b35dc293e52de85b-wrap avia-button-left  avia-builder-el-6  el_after_av_hr  avia-builder-el-last '><a href='https:\/\/raisafilm.com\/fr\/contact\/'  class='avia-button av-j72pj-3fc6a59cfcc882f4b35dc293e52de85b avia-icon_select-yes-right-icon avia-size-large avia-position-left av-icon-on-hover avia-color-theme-color'  ><span class='avia_iconbox_title' >DEMANDEZ PLUS D&#039;INFORMATIONS<\/span><span class='avia_button_icon avia_button_icon_right' aria-hidden='true' data-av_icon='\ue87d' data-av_iconfont='entypo-fontello'><\/span><\/a><\/div><\/p><\/div><div class='av-flex-placeholder'><\/div>\n<style type=\"text\/css\" data-created_by=\"avia_inline_auto\" id=\"style-css-av-572mlz-77ae3bbc5966982a9b6965ec61f7769c\">\n.flex_column.av-572mlz-77ae3bbc5966982a9b6965ec61f7769c{\nwidth:32.666666666667%;\nmargin-left:0;\nborder-radius:0px 0px 0px 0px;\npadding:0 0 0 0;\n}\n#top .flex_column_table.av-equal-height-column-flextable.av-572mlz-77ae3bbc5966982a9b6965ec61f7769c .av-flex-placeholder{\nwidth:1%;\n}\n<\/style>\n<div  class='flex_column av-572mlz-77ae3bbc5966982a9b6965ec61f7769c av_one_third  avia-builder-el-7  el_after_av_two_third  avia-builder-el-last  flex_column_table_cell av-equal-height-column av-align-middle av-zero-column-padding avia-full-stretch  '     ><style type=\"text\/css\" data-created_by=\"avia_inline_auto\" id=\"style-css-av-53iowf-8e257d6cff96188e6b118057cdf76ef6\">\n.avia-image-container.av-53iowf-8e257d6cff96188e6b118057cdf76ef6 img.avia_image{\nbox-shadow:none;\n}\n.avia-image-container.av-53iowf-8e257d6cff96188e6b118057cdf76ef6 .av-image-caption-overlay-center{\ncolor:#ffffff;\n}\n<\/style>\n<div  class='avia-image-container av-53iowf-8e257d6cff96188e6b118057cdf76ef6 av-styling- avia-align-center  avia-builder-el-8  avia-builder-el-no-sibling '   itemprop=\"image\" itemscope=\"itemscope\" itemtype=\"https:\/\/schema.org\/ImageObject\" ><div class=\"avia-image-container-inner\"><div class=\"avia-image-overlay-wrap\"><img decoding=\"async\" fetchpriority=\"high\" class='wp-image-2196 avia-img-lazy-loading-not-2196 avia_image ' src=\"https:\/\/raisafilm.com\/wp-content\/uploads\/2023\/05\/RAISA-MULCH-B-N-1C-Blanco-Negro.jpg\" alt='' title='RAISA MULCH B-W 1C (Blanc-Noir)'  height=\"1022\" width=\"1194\"  itemprop=\"thumbnailUrl\" srcset=\"https:\/\/raisafilm.com\/wp-content\/uploads\/2023\/05\/RAISA-MULCH-B-N-1C-Blanco-Negro.jpg 1194w, https:\/\/raisafilm.com\/wp-content\/uploads\/2023\/05\/RAISA-MULCH-B-N-1C-Blanco-Negro-300x257.jpg 300w, https:\/\/raisafilm.com\/wp-content\/uploads\/2023\/05\/RAISA-MULCH-B-N-1C-Blanco-Negro-1030x882.jpg 1030w, https:\/\/raisafilm.com\/wp-content\/uploads\/2023\/05\/RAISA-MULCH-B-N-1C-Blanco-Negro-768x657.jpg 768w, https:\/\/raisafilm.com\/wp-content\/uploads\/2023\/05\/RAISA-MULCH-B-N-1C-Blanco-Negro-705x603.jpg 705w, https:\/\/raisafilm.com\/wp-content\/uploads\/2023\/05\/RAISA-MULCH-B-N-1C-Blanco-Negro-450x385.jpg 450w, https:\/\/raisafilm.com\/wp-content\/uploads\/2023\/05\/RAISA-MULCH-B-N-1C-Blanco-Negro-600x514.jpg 600w\" sizes=\"(max-width: 1194px) 100vw, 1194px\" \/><\/div><\/div><\/div><\/div><\/div><!--close column table wrapper. Autoclose: 1 --><\/div><\/div><\/main><!-- close content main element --><\/div><\/div><div id='av_section_2'  class='avia-section av-4wr90f-acd93bcef63ebb8901d3e5d07f44819d main_color avia-section-default avia-no-border-styling  avia-builder-el-9  el_after_av_section  avia-builder-el-last  avia-bg-style-scroll container_wrap fullsize'  ><div class='container av-section-cont-open' ><div class='template-page content  av-content-full alpha units'><div class='post-entry post-entry-type-page post-entry-2832'><div class='entry-content-wrapper clearfix'>\n\n<style type=\"text\/css\" data-created_by=\"avia_inline_auto\" id=\"style-css-av-4r1idj-523aeb2cc9e2a20f676841f7fcfabe34\">\n.flex_column.av-4r1idj-523aeb2cc9e2a20f676841f7fcfabe34{\nborder-radius:0px 0px 0px 0px;\npadding:20px 20px 20px 20px;\n}\n<\/style>\n<div  class='flex_column av-4r1idj-523aeb2cc9e2a20f676841f7fcfabe34 av_one_half  avia-builder-el-10  el_before_av_one_half  avia-builder-el-first  first flex_column_div  '     ><p>\n<style type=\"text\/css\" data-created_by=\"avia_inline_auto\" id=\"style-css-av-4jrtun-2dc96cc0331a73733aa08a7b962480d5\">\n#top .av-special-heading.av-4jrtun-2dc96cc0331a73733aa08a7b962480d5{\npadding-bottom:10px;\n}\nbody .av-special-heading.av-4jrtun-2dc96cc0331a73733aa08a7b962480d5 .av-special-heading-tag .heading-char{\nfont-size:25px;\n}\n.av-special-heading.av-4jrtun-2dc96cc0331a73733aa08a7b962480d5 .av-subheading{\nfont-size:15px;\n}\n<\/style>\n<div  class='av-special-heading av-4jrtun-2dc96cc0331a73733aa08a7b962480d5 av-special-heading-h1 blockquote modern-quote  avia-builder-el-11  el_before_av_hr  avia-builder-el-first '><h1 class='av-special-heading-tag'  itemprop=\"headline\"  > <b>CARACT\u00c9RISTIQUES<\/b><\/h1><div class=\"special-heading-border\"><div class=\"special-heading-inner-border\"><\/div><\/div><\/div><br \/>\n\n<style type=\"text\/css\" data-created_by=\"avia_inline_auto\" id=\"style-css-av-4cxn73-31e46ff91e8b3242e5d846ba6b93c554\">\n#top .hr.av-4cxn73-31e46ff91e8b3242e5d846ba6b93c554{\nmargin-top:30px;\nmargin-bottom:30px;\n}\n.hr.av-4cxn73-31e46ff91e8b3242e5d846ba6b93c554 .hr-inner{\nwidth:50px;\nborder-color:#2e2c5b;\n}\n<\/style>\n<div  class='hr av-4cxn73-31e46ff91e8b3242e5d846ba6b93c554 hr-custom  avia-builder-el-12  el_after_av_heading  el_before_av_textblock  hr-left hr-icon-no'><span class='hr-inner inner-border-av-border-thin'><span class=\"hr-inner-style\"><\/span><\/span><\/div><br \/>\n<section  class='av_textblock_section av-lhrly2oo-8472e860f6f89b6f62a852d0a4c35a74 '   itemscope=\"itemscope\" itemtype=\"https:\/\/schema.org\/CreativeWork\" ><div class='avia_textblock'  itemprop=\"text\" ><h4>RAISA MULCH B\/W 1C est une feuille noire et blanche fabriqu\u00e9e en coextrusion multicouche avec LPEBD (lin\u00e9aire) en fine \u00e9paisseur.<\/h4>\n<p>A la machine ou \u00e0 la main, il est d\u00e9pos\u00e9 au sol lors de la pr\u00e9paration de la culture en ext\u00e9rieur ainsi qu&rsquo;en culture sous serre.<\/p>\n<p>La face blanche du film contient un ensemble d&rsquo;additifs anti-UV n\u00e9cessaires pour \u00e9viter la d\u00e9gradation de ses propri\u00e9t\u00e9s.<\/p>\n<p>La face noire est stable aux UV gr\u00e2ce au noir de carbone qu&rsquo;elle contient.<\/p>\n<p>Une fois le cycle de culture termin\u00e9, ce film peut \u00eatre retir\u00e9 sans laisser de trace.<\/p>\n<\/div><\/section><\/p><\/div>\n<style type=\"text\/css\" data-created_by=\"avia_inline_auto\" id=\"style-css-av-fa8hr-be912b0b84ed5dd650c7de1c98deea84\">\n.flex_column.av-fa8hr-be912b0b84ed5dd650c7de1c98deea84{\nborder-width:1px;\nborder-color:rgba(201,201,201,0.23);\nborder-style:solid;\nborder-radius:0px 0px 0px 0px;\npadding:20px 20px 20px 20px;\nbackground-color:rgba(75,103,142,0.17);\n}\n<\/style>\n<div  class='flex_column av-fa8hr-be912b0b84ed5dd650c7de1c98deea84 av_one_half  avia-builder-el-14  el_after_av_one_half  el_before_av_one_full  flex_column_div  '     ><p>\n<style type=\"text\/css\" data-created_by=\"avia_inline_auto\" id=\"style-css-av-41462f-6ac1744e597a8a9d1186d20b850b3208\">\n#top .av-special-heading.av-41462f-6ac1744e597a8a9d1186d20b850b3208{\npadding-bottom:10px;\n}\nbody .av-special-heading.av-41462f-6ac1744e597a8a9d1186d20b850b3208 .av-special-heading-tag .heading-char{\nfont-size:25px;\n}\n.av-special-heading.av-41462f-6ac1744e597a8a9d1186d20b850b3208 .av-subheading{\nfont-size:15px;\n}\n<\/style>\n<div  class='av-special-heading av-41462f-6ac1744e597a8a9d1186d20b850b3208 av-special-heading-h1 blockquote modern-quote  avia-builder-el-15  el_before_av_hr  avia-builder-el-first '><h1 class='av-special-heading-tag'  itemprop=\"headline\"  >Avantages et astuces<\/h1><div class=\"special-heading-border\"><div class=\"special-heading-inner-border\"><\/div><\/div><\/div><br \/>\n\n<style type=\"text\/css\" data-created_by=\"avia_inline_auto\" id=\"style-css-av-dsnhb-375e90e3285cda72391e609519c557a8\">\n#top .hr.av-dsnhb-375e90e3285cda72391e609519c557a8{\nmargin-top:30px;\nmargin-bottom:30px;\n}\n.hr.av-dsnhb-375e90e3285cda72391e609519c557a8 .hr-inner{\nwidth:50px;\nborder-color:#2e2c5b;\n}\n<\/style>\n<div  class='hr av-dsnhb-375e90e3285cda72391e609519c557a8 hr-custom  avia-builder-el-16  el_after_av_heading  el_before_av_textblock  hr-left hr-icon-no'><span class='hr-inner inner-border-av-border-thin'><span class=\"hr-inner-style\"><\/span><\/span><\/div><br \/>\n<section  class='av_textblock_section av-lhrm9b3x-cc9516dd07faca70fc4c2a5ee851ec90 '   itemscope=\"itemscope\" itemtype=\"https:\/\/schema.org\/CreativeWork\" ><div class='avia_textblock'  itemprop=\"text\" ><p>La technique de paillage utilisant notre plaque RAISA MULCH B\/W 1C apporte de multiples avantages aux cultures.<\/p>\n<p>Le c\u00f4t\u00e9 noir \u00e0 l&rsquo;int\u00e9rieur emp\u00eache la croissance des mauvaises herbes et la comp\u00e9tition entre les plantes. Le c\u00f4t\u00e9 blanc a un excellent effet r\u00e9fl\u00e9chissant, augmentant ainsi la lumi\u00e8re disponible pour les plantes. Ce rembourrage est sp\u00e9cialement con\u00e7u pour les cultures d&rsquo;hiver ou dans les zones peu expos\u00e9es au rayonnement ou dans les zones fortement ombrag\u00e9es par la structure de la serre.<\/p>\n<p><strong>RAISA MULCH B\/N 1C r\u00e9duit l&rsquo;\u00e9vaporation, \u00e9conomisant ainsi l&rsquo;eau d&rsquo;irrigation et les engrais qui sont g\u00e9n\u00e9ralement distribu\u00e9s \u00e0 travers un tuyau correctement perfor\u00e9 qui entre en contact avec le sol lors de la pose du film.<\/strong> Le plastique prot\u00e8ge le sol et r\u00e9duit l&rsquo;\u00e9rosion.<\/p>\n<p><strong>RAISA MULCH B\/N 1C constitue une s\u00e9paration entre la plante et le sol, limitant l&rsquo;apparition de maladies caus\u00e9es par certains pathog\u00e8nes, et pr\u00e9servant les l\u00e9gumes et les fruits des \u00e9claboussures de la terre avec pour r\u00e9sultat une plus grande propret\u00e9.<\/strong> Avant utilisation, les r\u00e9sistances doivent \u00eatre stock\u00e9es, dans leur emballage d&rsquo;origine, en position horizontale dans un endroit chaud, a\u00e9r\u00e9 et \u00e0 l&rsquo;ouvert de la lumi\u00e8re. Nous participons au recyclage de nos plastiques.<\/p>\n<\/div><\/section><\/p><\/div>\n<style type=\"text\/css\" data-created_by=\"avia_inline_auto\" id=\"style-css-av-1cb1r-b1a22a757d3743d567234d69f5644490\">\n.flex_column.av-1cb1r-b1a22a757d3743d567234d69f5644490{\nborder-width:1px;\nborder-color:#3f467f;\nborder-style:solid;\nborder-radius:0px 0px 0px 0px;\npadding:20px 20px 20px 20px;\n}\n<\/style>\n<div  class='flex_column av-1cb1r-b1a22a757d3743d567234d69f5644490 av_one_full  avia-builder-el-18  el_after_av_one_half  avia-builder-el-last  first flex_column_div  column-top-margin'     ><p>\n<style type=\"text\/css\" data-created_by=\"avia_inline_auto\" id=\"style-css-av-3l3o7j-f35f2e1db0b4b3ae5331d0d4ccf93f5e\">\n#top .av-special-heading.av-3l3o7j-f35f2e1db0b4b3ae5331d0d4ccf93f5e{\npadding-bottom:10px;\n}\nbody .av-special-heading.av-3l3o7j-f35f2e1db0b4b3ae5331d0d4ccf93f5e .av-special-heading-tag .heading-char{\nfont-size:25px;\n}\n.av-special-heading.av-3l3o7j-f35f2e1db0b4b3ae5331d0d4ccf93f5e .av-subheading{\nfont-size:15px;\n}\n<\/style>\n<div  class='av-special-heading av-3l3o7j-f35f2e1db0b4b3ae5331d0d4ccf93f5e av-special-heading-h1 blockquote modern-quote  avia-builder-el-19  el_before_av_table  avia-builder-el-first '><h1 class='av-special-heading-tag'  itemprop=\"headline\"  >Fiche technique<\/h1><div class=\"special-heading-border\"><div class=\"special-heading-inner-border\"><\/div><\/div><\/div><br \/>\n<div class='avia-data-table-wrap av-3e433z-950878636f1813b8498615929c88b4c1 avia_scrollable_table avia-table-1'><table  class='avia-table avia-data-table avia_pricing_minimal  avia-builder-el-20  el_after_av_heading  el_before_av_textblock '  itemscope=\"itemscope\" itemtype=\"https:\/\/schema.org\/Table\" ><tbody><tr class='avia-heading-row'><th class=''>produits \t<\/th><th class=''>\u00c9paisseur* \t<\/th><th class=''>Couleur \t<\/th><th class=''>Dur\u00e9e \t<\/th><th class=''>Largeurs* <\/th><th class=''>Micro et macroperfor\u00e9s*<\/th><\/tr><tr class=''><td class=''>PAILLAGE RAISA N\/B 1C<\/td><td class=''>400 jauges (100 microns<\/td><td class=''>Noir et blanc<\/td><td class=''>1 campagne<\/td><td class=''>0,90\/1,20\/1,30\/1,40 m en feuille<\/td><td class=''>CONSULTEZ-NOUS<\/td><\/tr><\/tbody><\/table><\/div><br \/>\n\n<style type=\"text\/css\" data-created_by=\"avia_inline_auto\" id=\"style-css-av-ugzd3-91a5bac343a90c99a608598e844dcb6e\">\n#top .av_textblock_section.av-ugzd3-91a5bac343a90c99a608598e844dcb6e .avia_textblock{\nfont-size:12px;\n}\n<\/style>\n<section  class='av_textblock_section av-ugzd3-91a5bac343a90c99a608598e844dcb6e '   itemscope=\"itemscope\" itemtype=\"https:\/\/schema.org\/CreativeWork\" ><div class='avia_textblock'  itemprop=\"text\" ><p><strong><em>* V\u00e9rifiez nos disponibilit\u00e9s sans engagement<\/em><\/strong><\/p>\n<\/div><\/section><br \/>\n\n<style type=\"text\/css\" data-created_by=\"avia_inline_auto\" id=\"style-css-av-rorc7-f96da0e89d9519bd1cb719b843948c8e\">\n#top .hr.av-rorc7-f96da0e89d9519bd1cb719b843948c8e{\nmargin-top:10px;\nmargin-bottom:10px;\n}\n.hr.av-rorc7-f96da0e89d9519bd1cb719b843948c8e .hr-inner{\nwidth:50px;\nborder-color:#2e2c5b;\n}\n<\/style>\n<div  class='hr av-rorc7-f96da0e89d9519bd1cb719b843948c8e hr-custom  avia-builder-el-22  el_after_av_textblock  el_before_av_heading  hr-left hr-icon-no'><span class='hr-inner inner-border-av-border-thin'><span class=\"hr-inner-style\"><\/span><\/span><\/div><br \/>\n\n<style type=\"text\/css\" data-created_by=\"avia_inline_auto\" id=\"style-css-av-m9o6v-985af6c00b5592e42c276f3273c19a06\">\n#top .av-special-heading.av-m9o6v-985af6c00b5592e42c276f3273c19a06{\npadding-bottom:10px;\n}\nbody .av-special-heading.av-m9o6v-985af6c00b5592e42c276f3273c19a06 .av-special-heading-tag .heading-char{\nfont-size:25px;\n}\n.av-special-heading.av-m9o6v-985af6c00b5592e42c276f3273c19a06 .av-subheading{\nfont-size:15px;\n}\n<\/style>\n<div  class='av-special-heading av-m9o6v-985af6c00b5592e42c276f3273c19a06 av-special-heading-h4 blockquote modern-quote  avia-builder-el-23  el_after_av_hr  el_before_av_buttonrow '><h4 class='av-special-heading-tag'  itemprop=\"headline\"  ><b>T\u00c9L\u00c9CHARGER<\/b> LA FICHE<\/h4><div class=\"special-heading-border\"><div class=\"special-heading-inner-border\"><\/div><\/div><\/div><br \/>\n<div  class='avia-buttonrow-wrap av-h58j3-b79ca0d167c9714c4d008d862ef2fff9 avia-buttonrow-left  avia-builder-el-24  el_after_av_heading  avia-builder-el-last '>\n\n<style type=\"text\/css\" data-created_by=\"avia_inline_auto\" id=\"style-css-av-7chgf-eaf8bdec5772ed9d0795920603d95429\">\n#top #wrap_all .avia-button.av-7chgf-eaf8bdec5772ed9d0795920603d95429{\nmargin-bottom:5px;\nmargin-right:5px;\n}\n<\/style>\n<a href='https:\/\/www.raisafilm.com\/formulario-descarga\/?pdf_link=http:\/\/www.raisafilm.com\/wp-content\/uploads\/2023\/07\/FT-RAISA-MULCH-B-N-1C.pdf' class='avia-button av-7chgf-eaf8bdec5772ed9d0795920603d95429 avia-icon_select-no avia-size-large avia-color-theme-color' target=\"_blank\" rel=\"noopener noreferrer\"><span class='avia_iconbox_title' >RAISAGRO TERMICO INC. 2C<\/span><\/a>\n<\/div><\/p><\/div>\n<\/p>\n","protected":false},"excerpt":{"rendered":"","protected":false},"featured_media":2196,"template":"","meta":{"_monsterinsights_skip_tracking":false,"_monsterinsights_sitenote_active":false,"_monsterinsights_sitenote_note":"","_monsterinsights_sitenote_category":0},"product_cat":[138,143],"product_tag":[],"class_list":{"0":"post-2832","1":"product","2":"type-product","3":"status-publish","4":"has-post-thumbnail","6":"product_cat-lagriculture-et-lelevage","7":"product_cat-rembourre","9":"first","10":"instock","11":"shipping-taxable","12":"product-type-simple"},"_links":{"self":[{"href":"https:\/\/raisafilm.com\/fr\/wp-json\/wp\/v2\/product\/2832","targetHints":{"allow":["GET"]}}],"collection":[{"href":"https:\/\/raisafilm.com\/fr\/wp-json\/wp\/v2\/product"}],"about":[{"href":"https:\/\/raisafilm.com\/fr\/wp-json\/wp\/v2\/types\/product"}],"wp:featuredmedia":[{"embeddable":true,"href":"https:\/\/raisafilm.com\/fr\/wp-json\/wp\/v2\/media\/2196"}],"wp:attachment":[{"href":"https:\/\/raisafilm.com\/fr\/wp-json\/wp\/v2\/media?parent=2832"}],"wp:term":[{"taxonomy":"product_cat","embeddable":true,"href":"https:\/\/raisafilm.com\/fr\/wp-json\/wp\/v2\/product_cat?post=2832"},{"taxonomy":"product_tag","embeddable":true,"href":"https:\/\/raisafilm.com\/fr\/wp-json\/wp\/v2\/product_tag?post=2832"}],"curies":[{"name":"wp","href":"https:\/\/api.w.org\/{rel}","templated":true}]}}